{"id":247,"date":"2020-06-23T12:13:43","date_gmt":"2020-06-23T12:13:43","guid":{"rendered":"https:\/\/unis.ba\/?post_type=product&#038;p=247"},"modified":"2025-09-09T12:59:42","modified_gmt":"2025-09-09T12:59:42","slug":"duplo-preklopna-pivska-garnitura-2200x500x30-mm","status":"publish","type":"product","link":"https:\/\/unis.ba\/en\/proizvodi\/duplo-preklopna-pivska-garnitura-2200x500x30-mm\/","title":{"rendered":"Double folding beer set 2200x500x30 mm"},"content":{"rendered":"<p>&nbsp;<\/p>\n<p>Made from quality compact materials, fir and spruce wood, thickness 30 mm.<\/p>\n<p>Table dimensions: 2200x500x765 mm; (LxWxH)<br \/>\nBench dimensions: 2200x250x465 mm; (LxWxH)<\/p>\n<p>Thinner plates of 27 mm thickness are also available upon customer request.<br \/>\nThe panels are coated with UV varnish in natural color with a FSC certificate of safety and environmental friendliness.<br \/>\nMetal frame is made of hot rolled steel strip St 37.2, with thickness of 2.0 and 2.5 mm.<br \/>\nThe hinge is made of 4 mm hot rolled steel strip tape.<br \/>\nThe metal parts are electrostatically varnished and the brackets are bright galvanized.<br \/>\nThe bench is constructed with 3 evenly spaced metal frames.<br \/>\nIn addition to the folding frames, the table and bench are double folded to 1100 mm.<\/p>\n<p>These technical characteristics make this product extremely high quality, solid and stable.<br \/>\nEasy to transport, occupies small storage space, extremely economical and widely applicable. Product design eliminates the possibility of damage and loosening of joints during transport and storage, which is of great importance for this kind of products.<\/p>\n<p>This set is equally ideal for individual users and households as well as professionals - organizers of various events.<br \/>\nFreely and easily portable, it fits in the trunk of the car.<br \/>\nIt is possible to make selected order \u2013 either only tables, either only benches.<br \/>\nIn just a few seconds of assembly to a wonderful ambience in the garden, a weekend house, a favorite picnic area etc.<\/p>\n<p>We are here to answer to all your queries as well as requirements regarding logo placement, color selection and other components.<\/p>\n<p>With our products you get unrivaled quality, which makes our offer unavoidable for those who demand the perfect balance of price and quality.<\/p>","protected":false},"excerpt":{"rendered":"<p>&nbsp; Preklopna garnitura proizvodi se od kvalitetnih kompaktnih materijala, drvo jele i smreke, debljine 30 mm. Dimenzije stola: 2200x500x765 mm; ( Dx\u0160xV) Dimenzije klupe: 2200x250x465 mm; ( Dx\u0160xV) Po zahtjevu kupca mogu\u0107a je izrada i tanjih plo\u010da debljine 27 mm. Plo\u010de se lakiraju UV lakom u naturi sa certifikatom o sigurnosno-ekolo\u0161koj prihvatljivosti. Okov je napravljen &hellip;<\/p>\n<p class=\"read-more\"> <a class=\"\" href=\"https:\/\/unis.ba\/en\/proizvodi\/duplo-preklopna-pivska-garnitura-2200x500x30-mm\/\"> <span class=\"screen-reader-text\">Double folding beer set 2200x500x30 mm<\/span> Read More &raquo;<\/a><\/p>","protected":false},"featured_media":251,"comment_status":"open","ping_status":"closed","template":"","meta":[],"product_cat":[16],"product_tag":[],"yoast_head":"<!-- This site is optimized with the Yoast SEO plugin v21.0 - https:\/\/yoast.com\/wordpress\/plugins\/seo\/ -->\n<title>Duplo preklopna pivska garnitura 2200x500x30 mm - Unis<\/title>\n<meta name=\"description\" content=\"Preklopna garnitura je jednostavan za transport i zauzima jako malo prostora za skladi\u0161tenje \u0161to ga \u010dini izuzetno ekonomi\u010dnim i \u0161iroko primjenjivim.\" \/>\n<meta name=\"robots\" content=\"index, follow, max-snippet:-1, max-image-preview:large, max-video-preview:-1\" \/>\n<link rel=\"canonical\" href=\"https:\/\/unis.ba\/en\/proizvodi\/duplo-preklopna-pivska-garnitura-2200x500x30-mm\/\" \/>\n<meta property=\"og:locale\" content=\"en_US\" \/>\n<meta property=\"og:type\" content=\"article\" \/>\n<meta property=\"og:title\" content=\"Duplo preklopna pivska garnitura 2200x500x30 mm - Unis\" \/>\n<meta property=\"og:description\" content=\"Preklopna garnitura je jednostavan za transport i zauzima jako malo prostora za skladi\u0161tenje \u0161to ga \u010dini izuzetno ekonomi\u010dnim i \u0161iroko primjenjivim.\" \/>\n<meta property=\"og:url\" content=\"https:\/\/unis.ba\/en\/proizvodi\/duplo-preklopna-pivska-garnitura-2200x500x30-mm\/\" \/>\n<meta property=\"og:site_name\" content=\"Unis\" \/>\n<meta property=\"article:modified_time\" content=\"2025-09-09T12:59:42+00:00\" \/>\n<meta property=\"og:image\" content=\"https:\/\/unis.ba\/wp-content\/uploads\/2020\/06\/Preklopna-garnitura-3-scaled.jpg\" \/>\n\t<meta property=\"og:image:width\" content=\"2560\" \/>\n\t<meta property=\"og:image:height\" content=\"1500\" \/>\n\t<meta property=\"og:image:type\" content=\"image\/jpeg\" \/>\n<meta name=\"twitter:card\" content=\"summary_large_image\" \/>\n<meta name=\"twitter:label1\" content=\"Est. reading time\" \/>\n\t<meta name=\"twitter:data1\" content=\"1 minute\" \/>\n<script type=\"application\/ld+json\" class=\"yoast-schema-graph\">{\"@context\":\"https:\/\/schema.org\",\"@graph\":[{\"@type\":\"WebPage\",\"@id\":\"https:\/\/unis.ba\/proizvodi\/duplo-preklopna-pivska-garnitura-2200x500x30-mm\/\",\"url\":\"https:\/\/unis.ba\/proizvodi\/duplo-preklopna-pivska-garnitura-2200x500x30-mm\/\",\"name\":\"Duplo preklopna pivska garnitura 2200x500x30 mm - Unis\",\"isPartOf\":{\"@id\":\"https:\/\/unis.ba\/#website\"},\"datePublished\":\"2020-06-23T12:13:43+00:00\",\"dateModified\":\"2025-09-09T12:59:42+00:00\",\"description\":\"Preklopna garnitura je jednostavan za transport i zauzima jako malo prostora za skladi\u0161tenje \u0161to ga \u010dini izuzetno ekonomi\u010dnim i \u0161iroko primjenjivim.\",\"breadcrumb\":{\"@id\":\"https:\/\/unis.ba\/proizvodi\/duplo-preklopna-pivska-garnitura-2200x500x30-mm\/#breadcrumb\"},\"inLanguage\":\"en-US\",\"potentialAction\":[{\"@type\":\"ReadAction\",\"target\":[\"https:\/\/unis.ba\/proizvodi\/duplo-preklopna-pivska-garnitura-2200x500x30-mm\/\"]}]},{\"@type\":\"BreadcrumbList\",\"@id\":\"https:\/\/unis.ba\/proizvodi\/duplo-preklopna-pivska-garnitura-2200x500x30-mm\/#breadcrumb\",\"itemListElement\":[{\"@type\":\"ListItem\",\"position\":1,\"name\":\"Home\",\"item\":\"https:\/\/unis.ba\/\"},{\"@type\":\"ListItem\",\"position\":2,\"name\":\"Proizvodi\",\"item\":\"https:\/\/unis.ba\/shop\/\"},{\"@type\":\"ListItem\",\"position\":3,\"name\":\"Duplo preklopna pivska garnitura 2200x500x30 mm\"}]},{\"@type\":\"WebSite\",\"@id\":\"https:\/\/unis.ba\/#website\",\"url\":\"https:\/\/unis.ba\/\",\"name\":\"Unis\",\"description\":\"UDRU\u017dENA METALNA INDUSTRIJA d.d. Sarajevo\",\"publisher\":{\"@id\":\"https:\/\/unis.ba\/#organization\"},\"potentialAction\":[{\"@type\":\"SearchAction\",\"target\":{\"@type\":\"EntryPoint\",\"urlTemplate\":\"https:\/\/unis.ba\/?s={search_term_string}\"},\"query-input\":\"required name=search_term_string\"}],\"inLanguage\":\"en-US\"},{\"@type\":\"Organization\",\"@id\":\"https:\/\/unis.ba\/#organization\",\"name\":\"Unis - UDRU\u017dENA METALNA INDUSTRIJA d.d. Sarajevo\",\"url\":\"https:\/\/unis.ba\/\",\"logo\":{\"@type\":\"ImageObject\",\"inLanguage\":\"en-US\",\"@id\":\"https:\/\/unis.ba\/#\/schema\/logo\/image\/\",\"url\":\"https:\/\/unis.ba\/wp-content\/uploads\/2020\/05\/transparentni-logo-UNIS-1-1.png\",\"contentUrl\":\"https:\/\/unis.ba\/wp-content\/uploads\/2020\/05\/transparentni-logo-UNIS-1-1.png\",\"width\":841,\"height\":207,\"caption\":\"Unis - UDRU\u017dENA METALNA INDUSTRIJA d.d. Sarajevo\"},\"image\":{\"@id\":\"https:\/\/unis.ba\/#\/schema\/logo\/image\/\"}}]}<\/script>\n<!-- \/ Yoast SEO plugin. -->","yoast_head_json":{"title":"Duplo preklopna pivska garnitura 2200x500x30 mm - Unis","description":"Preklopna garnitura je jednostavan za transport i zauzima jako malo prostora za skladi\u0161tenje \u0161to ga \u010dini izuzetno ekonomi\u010dnim i \u0161iroko primjenjivim.","robots":{"index":"index","follow":"follow","max-snippet":"max-snippet:-1","max-image-preview":"max-image-preview:large","max-video-preview":"max-video-preview:-1"},"canonical":"https:\/\/unis.ba\/en\/proizvodi\/duplo-preklopna-pivska-garnitura-2200x500x30-mm\/","og_locale":"en_US","og_type":"article","og_title":"Duplo preklopna pivska garnitura 2200x500x30 mm - Unis","og_description":"Preklopna garnitura je jednostavan za transport i zauzima jako malo prostora za skladi\u0161tenje \u0161to ga \u010dini izuzetno ekonomi\u010dnim i \u0161iroko primjenjivim.","og_url":"https:\/\/unis.ba\/en\/proizvodi\/duplo-preklopna-pivska-garnitura-2200x500x30-mm\/","og_site_name":"Unis","article_modified_time":"2025-09-09T12:59:42+00:00","og_image":[{"width":2560,"height":1500,"url":"https:\/\/unis.ba\/wp-content\/uploads\/2020\/06\/Preklopna-garnitura-3-scaled.jpg","type":"image\/jpeg"}],"twitter_card":"summary_large_image","twitter_misc":{"Est. reading time":"1 minute"},"schema":{"@context":"https:\/\/schema.org","@graph":[{"@type":"WebPage","@id":"https:\/\/unis.ba\/proizvodi\/duplo-preklopna-pivska-garnitura-2200x500x30-mm\/","url":"https:\/\/unis.ba\/proizvodi\/duplo-preklopna-pivska-garnitura-2200x500x30-mm\/","name":"Duplo preklopna pivska garnitura 2200x500x30 mm - Unis","isPartOf":{"@id":"https:\/\/unis.ba\/#website"},"datePublished":"2020-06-23T12:13:43+00:00","dateModified":"2025-09-09T12:59:42+00:00","description":"Preklopna garnitura je jednostavan za transport i zauzima jako malo prostora za skladi\u0161tenje \u0161to ga \u010dini izuzetno ekonomi\u010dnim i \u0161iroko primjenjivim.","breadcrumb":{"@id":"https:\/\/unis.ba\/proizvodi\/duplo-preklopna-pivska-garnitura-2200x500x30-mm\/#breadcrumb"},"inLanguage":"en-US","potentialAction":[{"@type":"ReadAction","target":["https:\/\/unis.ba\/proizvodi\/duplo-preklopna-pivska-garnitura-2200x500x30-mm\/"]}]},{"@type":"BreadcrumbList","@id":"https:\/\/unis.ba\/proizvodi\/duplo-preklopna-pivska-garnitura-2200x500x30-mm\/#breadcrumb","itemListElement":[{"@type":"ListItem","position":1,"name":"Home","item":"https:\/\/unis.ba\/"},{"@type":"ListItem","position":2,"name":"Proizvodi","item":"https:\/\/unis.ba\/shop\/"},{"@type":"ListItem","position":3,"name":"Duplo preklopna pivska garnitura 2200x500x30 mm"}]},{"@type":"WebSite","@id":"https:\/\/unis.ba\/#website","url":"https:\/\/unis.ba\/","name":"Unis","description":"UDRU\u017dENA METALNA INDUSTRIJA d.d. Sarajevo","publisher":{"@id":"https:\/\/unis.ba\/#organization"},"potentialAction":[{"@type":"SearchAction","target":{"@type":"EntryPoint","urlTemplate":"https:\/\/unis.ba\/?s={search_term_string}"},"query-input":"required name=search_term_string"}],"inLanguage":"en-US"},{"@type":"Organization","@id":"https:\/\/unis.ba\/#organization","name":"Unis - UDRU\u017dENA METALNA INDUSTRIJA d.d. Sarajevo","url":"https:\/\/unis.ba\/","logo":{"@type":"ImageObject","inLanguage":"en-US","@id":"https:\/\/unis.ba\/#\/schema\/logo\/image\/","url":"https:\/\/unis.ba\/wp-content\/uploads\/2020\/05\/transparentni-logo-UNIS-1-1.png","contentUrl":"https:\/\/unis.ba\/wp-content\/uploads\/2020\/05\/transparentni-logo-UNIS-1-1.png","width":841,"height":207,"caption":"Unis - UDRU\u017dENA METALNA INDUSTRIJA d.d. Sarajevo"},"image":{"@id":"https:\/\/unis.ba\/#\/schema\/logo\/image\/"}}]}},"_links":{"self":[{"href":"https:\/\/unis.ba\/en\/wp-json\/wp\/v2\/product\/247"}],"collection":[{"href":"https:\/\/unis.ba\/en\/wp-json\/wp\/v2\/product"}],"about":[{"href":"https:\/\/unis.ba\/en\/wp-json\/wp\/v2\/types\/product"}],"replies":[{"embeddable":true,"href":"https:\/\/unis.ba\/en\/wp-json\/wp\/v2\/comments?post=247"}],"wp:featuredmedia":[{"embeddable":true,"href":"https:\/\/unis.ba\/en\/wp-json\/wp\/v2\/media\/251"}],"wp:attachment":[{"href":"https:\/\/unis.ba\/en\/wp-json\/wp\/v2\/media?parent=247"}],"wp:term":[{"taxonomy":"product_cat","embeddable":true,"href":"https:\/\/unis.ba\/en\/wp-json\/wp\/v2\/product_cat?post=247"},{"taxonomy":"product_tag","embeddable":true,"href":"https:\/\/unis.ba\/en\/wp-json\/wp\/v2\/product_tag?post=247"}],"curies":[{"name":"wp","href":"https:\/\/api.w.org\/{rel}","templated":true}]}}